{"id":710,"date":"2025-10-08T08:29:54","date_gmt":"2025-10-08T08:29:54","guid":{"rendered":"https:\/\/sakaryalastikyolyardim.com\/?page_id=710"},"modified":"2025-10-08T08:29:55","modified_gmt":"2025-10-08T08:29:55","slug":"kullanim-kosullari","status":"publish","type":"page","link":"https:\/\/sakaryalastikyolyardim.com\/?page_id=710","title":{"rendered":"Kullan\u0131m Ko\u015fullar\u0131"},"content":{"rendered":"\n<h2 class=\"wp-block-heading\" id=\"web-sitesi-kullanim-kosullari\"><strong>Web Sitesi Kullan\u0131m Ko\u015fullar\u0131<\/strong><\/h2>\n\n\n\n<p>Web sitesini ziyaret eden kullan\u0131c\u0131lar, burada yer alan ko\u015fullar\u0131 kabul etmi\u015f say\u0131l\u0131r.<\/p>\n\n\n\n<p>Web sitesindeki t\u00fcm i\u00e7erik, marka, logo ve g\u00f6rseller Kurtaran Oto Lastik\u2019e aittir ve izinsiz kullan\u0131lamaz.<\/p>\n\n\n\n<p>Sitedeki bilgiler yaln\u0131zca bilgilendirme ama\u00e7l\u0131d\u0131r ve ba\u011flay\u0131c\u0131 teklif niteli\u011fi ta\u015f\u0131maz.<\/p>\n\n\n\n<p>Kullan\u0131c\u0131, siteyi yaln\u0131zca yasalara uygun \u015fekilde kullanmay\u0131 kabul eder.<\/p>\n\n\n\n<p>Kurtaran Oto Lastik, web sitesinde de\u011fi\u015fiklik yapma veya eri\u015fimi k\u0131s\u0131tlama hakk\u0131n\u0131 sakl\u0131 tutar.<\/p>\n\n\n\n<p>Web sitesi \u00fczerinden toplanan ki\u015fisel veriler, Gizlilik Politikas\u0131 ve KVKK Ayd\u0131nlatma Metni kapsam\u0131nda i\u015flenir.<\/p>\n\n\n\n<p>\u0130\u015fbu kullan\u0131m ko\u015fullar\u0131 T\u00fcrkiye Cumhuriyeti kanunlar\u0131na tabidir; do\u011fabilecek uyu\u015fmazl\u0131klarda Sakarya Mahkemeleri ve \u0130cra Daireleri yetkilidir.<\/p>\n","protected":false},"excerpt":{"rendered":"<p>Web Sitesi Kullan\u0131m Ko\u015fullar\u0131 Web sitesini ziyaret eden kullan\u0131c\u0131lar, burada yer alan ko\u015fullar\u0131 kabul etmi\u015f say\u0131l\u0131r. Web sitesindeki t\u00fcm i\u00e7erik, marka, logo ve g\u00f6rseller Kurtaran Oto Lastik\u2019e aittir ve izinsiz kullan\u0131lamaz. Sitedeki bilgiler yaln\u0131zca bilgilendirme ama\u00e7l\u0131d\u0131r ve ba\u011flay\u0131c\u0131 teklif niteli\u011fi ta\u015f\u0131maz. Kullan\u0131c\u0131, siteyi yaln\u0131zca yasalara uygun \u015fekilde kullanmay\u0131 kabul eder. Kurtaran Oto Lastik, web sitesinde [&hellip;]<\/p>\n","protected":false},"author":1,"featured_media":0,"parent":0,"menu_order":0,"comment_status":"closed","ping_status":"closed","template":"","meta":{"_gspb_post_css":"","footnotes":""},"class_list":["post-710","page","type-page","status-publish","hentry"],"blocksy_meta":[],"featured_image_urls":{"full":"","thumbnail":"","medium":"","medium_large":"","large":"","1536x1536":"","2048x2048":""},"post_excerpt_stackable":"<p>Web Sitesi Kullan\u0131m Ko\u015fullar\u0131 Web sitesini ziyaret eden kullan\u0131c\u0131lar, burada yer alan ko\u015fullar\u0131 kabul etmi\u015f say\u0131l\u0131r. Web sitesindeki t\u00fcm i\u00e7erik, marka, logo ve g\u00f6rseller Kurtaran Oto Lastik\u2019e aittir ve izinsiz kullan\u0131lamaz. Sitedeki bilgiler yaln\u0131zca bilgilendirme ama\u00e7l\u0131d\u0131r ve ba\u011flay\u0131c\u0131 teklif niteli\u011fi ta\u015f\u0131maz. Kullan\u0131c\u0131, siteyi yaln\u0131zca yasalara uygun \u015fekilde kullanmay\u0131 kabul eder. Kurtaran Oto Lastik, web sitesinde de\u011fi\u015fiklik yapma veya eri\u015fimi k\u0131s\u0131tlama hakk\u0131n\u0131 sakl\u0131 tutar. Web sitesi \u00fczerinden toplanan ki\u015fisel veriler, Gizlilik Politikas\u0131 ve KVKK Ayd\u0131nlatma Metni kapsam\u0131nda i\u015flenir. \u0130\u015fbu kullan\u0131m ko\u015fullar\u0131 T\u00fcrkiye Cumhuriyeti kanunlar\u0131na tabidir; do\u011fabilecek uyu\u015fmazl\u0131klarda Sakarya Mahkemeleri ve \u0130cra Daireleri yetkilidir.<\/p>\n","category_list":"","author_info":{"name":"admin","url":"https:\/\/sakaryalastikyolyardim.com\/?author=1"},"comments_num":"0 comments","_links":{"self":[{"href":"https:\/\/sakaryalastikyolyardim.com\/index.php?rest_route=\/wp\/v2\/pages\/710","targetHints":{"allow":["GET"]}}],"collection":[{"href":"https:\/\/sakaryalastikyolyardim.com\/index.php?rest_route=\/wp\/v2\/pages"}],"about":[{"href":"https:\/\/sakaryalastikyolyardim.com\/index.php?rest_route=\/wp\/v2\/types\/page"}],"author":[{"embeddable":true,"href":"https:\/\/sakaryalastikyolyardim.com\/index.php?rest_route=\/wp\/v2\/users\/1"}],"replies":[{"embeddable":true,"href":"https:\/\/sakaryalastikyolyardim.com\/index.php?rest_route=%2Fwp%2Fv2%2Fcomments&post=710"}],"version-history":[{"count":1,"href":"https:\/\/sakaryalastikyolyardim.com\/index.php?rest_route=\/wp\/v2\/pages\/710\/revisions"}],"predecessor-version":[{"id":711,"href":"https:\/\/sakaryalastikyolyardim.com\/index.php?rest_route=\/wp\/v2\/pages\/710\/revisions\/711"}],"wp:attachment":[{"href":"https:\/\/sakaryalastikyolyardim.com\/index.php?rest_route=%2Fwp%2Fv2%2Fmedia&parent=710"}],"curies":[{"name":"wp","href":"https:\/\/api.w.org\/{rel}","templated":true}]}}